{"id":60,"date":"2017-01-20T10:08:07","date_gmt":"2017-01-20T09:08:07","guid":{"rendered":"http:\/\/localhost\/MusikVerein\/wordpress\/?page_id=60"},"modified":"2018-07-12T16:58:21","modified_gmt":"2018-07-12T14:58:21","slug":"geschichte-der-musikgemeinde","status":"publish","type":"page","link":"https:\/\/www.musikgemeinde-roedermark.de\/?page_id=60","title":{"rendered":"Geschichte der Musikgemeinde"},"content":{"rendered":"<div id=\"Ebene1\">\n<div>\n<div>\n<h2 class=\"klein\"><span class=\"konzert\">Wie es begann<\/span><\/h2>\n<h3 class=\"klein\"><span class=\"ensemble\">1970<\/span><\/h3>\n<p class=\"klein\">Das reichhaltige musikalische Vereinsleben in und um Ober-Roden l\u00e4sst im Bereich der klassischen Musik viele W\u00fcnsche offen. Auch die musikalische Bildung liegt in den H\u00e4nden der Vereine, die eine gute Nachwuchsf\u00f6rderung betreiben, andere Bereiche der Musik aber wenig beachten.<\/p>\n<h3 class=\"klein\"><span class=\"ensemble\">1972<\/span><\/h3>\n<p class=\"klein\">Der Rektor der Grundschule Wolfgang Lippert und seine Frau Dorothea organisieren zun\u00e4chst Kurse f\u00fcr &#8222;Musikalische Fr\u00fcherziehung&#8220;. Diese finden so lebhaften Anklang, dass die Idee aufkommt, f\u00fcr die interessierten Eltern Konzerte anzubieten.<\/p>\n<h3 class=\"klein\"><span class=\"ensemble\">1973<\/span><\/h3>\n<p class=\"klein\">Am 31. August findet die Gr\u00fcndungsversammlung<br \/>\nder &#8222;Musikgemeinde Ober-Roden e. V.&#8220; statt.<br \/>\nDer 1. Vorsitzende wird Wolfgang Lippert.<\/p>\n<p class=\"klein\">Vereinsziele sind die<br \/>\n&#8211; Veranstaltung von Konzerten<br \/>\n&#8211; Vermittlung von Instrumentalunterricht<br \/>\n&#8211; Organisation von Reisen in bedeutende Musikst\u00e4dte.<\/p>\n<p class=\"klein\">Von nun an finden regelm\u00e4\u00dfig Kammerkonzerte im intimen Rahmen<br \/>\ndes Ev. Gemeindehauses statt.<\/p>\n<h3 class=\"klein\"><span class=\"ensemble\">1978<\/span><\/h3>\n<p class=\"klein\">Anschaffung eines eigenen Konzertfl\u00fcgels Marke &#8222;Feurich&#8220;.<\/p>\n<h3 class=\"klein\"><span class=\"ensemble\">1992<\/span><\/h3>\n<p class=\"klein\">Nach der Gr\u00fcndung der Jugendmusikschule zieht sich die Musikgemeinde aus dem Bereich Vermittlung von Instrumentalunterricht zur\u00fcck.<\/p>\n<h3 class=\"klein\"><span class=\"ensemble\">1993<\/span><\/h3>\n<p class=\"klein\">Die Konzerte werden in den Rothaha-Saal im Geb\u00e4ude der neuen Stadtbibliothek verlegt.<\/p>\n<h3 class=\"klein\"><span class=\"ensemble\">1996<\/span><\/h3>\n<p class=\"klein\">Uta Endrigkeit \u00fcbernimmt die Leitung der Musikgemeinde Ober-Roden e. V. Die Stadtverwaltung f\u00f6rdert weiterhin die Arbeit der Musikgemeinde. Immer \u00f6fter k\u00f6nnen Interpreten mit internationalem Renommee f\u00fcr die Konzerte gewonnen werden.<\/p>\n<h3 class=\"klein\"><span class=\"ensemble\">2000<\/span><\/h3>\n<p class=\"klein\">Der Deutsche Musikrat nimmt die Musikgemeinde in seinen Veranstalterring auf.<\/p>\n<h3 class=\"klein\"><span class=\"ensemble\">2003<\/span><\/h3>\n<p class=\"klein\">Die Musikgemeinde feiert ihr 30-j\u00e4hriges Jubil\u00e4um. Dank gro\u00dfz\u00fcgiger Spenden besonders kunstbeflissener Mitglieder, von benachbarten Stiftungen und Sponsoren aus der Industrie kann ein hervorragender Konzertfl\u00fcgel aus dem Hause Steinway angeschafft werden, der den bisherigen abl\u00f6st. Die Musikgemeinde Ober-Roden e. V. ist inzwischen weit \u00fcber die Grenzen der Stadt R\u00f6dermark hinaus eine auch f\u00fcr Kenner interessante Adresse geworden.<\/p>\n<h3 class=\"klein\"><span class=\"ensemble\">2007<\/span><\/h3>\n<p class=\"klein\">Namens\u00e4nderung in \u201cMusikgemeinde R\u00f6dermark e. V.\u201d<\/p>\n<h3 class=\"klein\"><span class=\"ensemble\">2009<\/span><\/h3>\n<p class=\"klein\">Frau Uta Endrigkeit ist aus gesundheitlichen Gr\u00fcnden mit Ihrem Mann nach Bonn verzogen. Dadurch wurde eine Neuwahl des Vorstands erforderlich.<br \/>\n1. Vorsitzende Herr Dr. Bernd Winkler<br \/>\n2. Vorsitzende Herr Falk Bauer<br \/>\nMusikalische Leitung Frau Uta Endrigkeit<br \/>\nSchatzmeister Herr Manfred Knoch<br \/>\nSchriftf\u00fchrerin Frau Petra B. Richter<br \/>\nEhrenmitglieder werden Frau Uta Endrigkeit und Herr Manfred Knoch<\/p>\n<h3 class=\"klein\">2013<\/h3>\n<p class=\"klein\">Am 21. April 2013 feiert die Musikgemeinde ihr 40-j\u00e4hriges Jubil\u00e4um. Das Almaran Salon Orchester aus Hamburg \u00fcbernahm die musikalische Gestaltung dieser Matinee-Veranstaltung im Foyer der Kulturhalle R\u00f6dermark. Die Musikgemeinde erhielt die Ehre sich in das Goldene Buch der Stadt R\u00f6dermark einzutragen. Anwesend war auch Frau Dorothea Lippert die Mitbegr\u00fcnderin der Musikgemeinde R\u00f6dermark.<br \/>\nIm gleichen Jahr erfolgte ein Vorstandswechsel. Die Schriftf\u00fchrerin Petra B. Richter hat die Mitgliedschaft zur Musikgemeinde niedergelegt. Der langj\u00e4hrige Schatzmeister Manfred Knoch legte sein Amt aus Altersgr\u00fcnden nieder. Als Schatzmeister wurde nun Herbert Pesch und als Schriftf\u00fchrerin Jutta Stadler in den Vorstand gew\u00e4hlt.<\/p>\n<h3 class=\"klein\">2017<\/h3>\n<p class=\"klein\">Im M\u00e4rz 2017 vollzog sich ein weiterer Wechsel innerhalb des Vorstandes Falk Bauer wurde zum 1. Vorsitzenden gew\u00e4hlt. Dr. med. Bernd Winkler wurde zum 2. Vorsitzenden gew\u00e4hlt. Die musikalische Leitung liegt nun in der Verantwortung der beiden Vorsitzenden.<\/p>\n<p class=\"klein\">Aus gesundheitlichen Gr\u00fcnden legt Herr Herbert Pesch das Amt des Schatzmeisters nieder. In der Mitgliederversammlung November 2017 wurde Herr Peter Faber zum neuen Schatzmeister gew\u00e4hlt.<\/p>\n<\/div>\n<\/div>\n<\/div>\n","protected":false},"excerpt":{"rendered":"<p>Wie es begann 1970 Das reichhaltige musikalische Vereinsleben in und um Ober-Roden l\u00e4sst im Bereich der klassischen Musik viele W\u00fcnsche offen. Auch die musikalische Bildung liegt in den H\u00e4nden der Vereine, die eine gute Nachwuchsf\u00f6rderung betreiben, andere Bereiche der Musik aber wenig beachten. 1972 Der Rektor der Grundschule Wolfgang Lippert und seine Frau Dorothea organisieren &hellip; <\/p>\n<p><a class=\"more-link btn\" href=\"https:\/\/www.musikgemeinde-roedermark.de\/?page_id=60\">Weiterlesen<\/a><\/p>\n","protected":false},"author":1,"featured_media":0,"parent":0,"menu_order":0,"comment_status":"closed","ping_status":"closed","template":"","meta":{"footnotes":""},"class_list":["post-60","page","type-page","status-publish","hentry","nodate","item-wrap"],"_links":{"self":[{"href":"https:\/\/www.musikgemeinde-roedermark.de\/index.php?rest_route=\/wp\/v2\/pages\/60","targetHints":{"allow":["GET"]}}],"collection":[{"href":"https:\/\/www.musikgemeinde-roedermark.de\/index.php?rest_route=\/wp\/v2\/pages"}],"about":[{"href":"https:\/\/www.musikgemeinde-roedermark.de\/index.php?rest_route=\/wp\/v2\/types\/page"}],"author":[{"embeddable":true,"href":"https:\/\/www.musikgemeinde-roedermark.de\/index.php?rest_route=\/wp\/v2\/users\/1"}],"replies":[{"embeddable":true,"href":"https:\/\/www.musikgemeinde-roedermark.de\/index.php?rest_route=%2Fwp%2Fv2%2Fcomments&post=60"}],"version-history":[{"count":5,"href":"https:\/\/www.musikgemeinde-roedermark.de\/index.php?rest_route=\/wp\/v2\/pages\/60\/revisions"}],"predecessor-version":[{"id":429,"href":"https:\/\/www.musikgemeinde-roedermark.de\/index.php?rest_route=\/wp\/v2\/pages\/60\/revisions\/429"}],"wp:attachment":[{"href":"https:\/\/www.musikgemeinde-roedermark.de\/index.php?rest_route=%2Fwp%2Fv2%2Fmedia&parent=60"}],"curies":[{"name":"wp","href":"https:\/\/api.w.org\/{rel}","templated":true}]}}