{"id":58,"date":"2017-01-20T10:04:53","date_gmt":"2017-01-20T09:04:53","guid":{"rendered":"http:\/\/localhost\/MusikVerein\/wordpress\/?page_id=58"},"modified":"2017-01-20T10:04:53","modified_gmt":"2017-01-20T09:04:53","slug":"leitbild","status":"publish","type":"page","link":"https:\/\/www.musikgemeinde-roedermark.de\/?page_id=58","title":{"rendered":"Leitbild"},"content":{"rendered":"<h2><span class=\"konzert\">Leitbild nach der Organisations\u00e4nderung im September 2009<\/span><\/h2>\n<h3><span class=\"ensemble\">Verfasst von Herrn Dr. med. Bernd Winkler<\/span><\/h3>\n<p>Die Musikgemeinde R\u00f6dermark ist 1973 durch eine Initiative des Ehepaares Lippert gegr\u00fcndet worden und hat sich \u00fcber die Jahre zu einem festen Bestandteil des kulturellen Lebens in R\u00f6dermark entwickelt. Sie m\u00f6chte den an klassischer Musik interessierten B\u00fcrgern R\u00f6dermarks und Umgebung in erreichbarer N\u00e4he Konzertbesuche zu erschwinglichen Preisen erm\u00f6glichen.<br \/>\nObwohl viele Musikveranstalter klassischer Musik zur\u00fcckgehende Besucherzahlen beklagen und allgemein eine \u201eVeralterung\u201c des Publikums festgestellt wird &#8211; immer weniger Jugendliche besuchen klassische Konzerte &#8211; spricht doch das lange Bestehen der Musikgemeinde f\u00fcr eine eigene Qualit\u00e4t.<br \/>\nDiese Qualit\u00e4t, die eng mit dem Engagement vieler Mitglieder verkn\u00fcpft ist, tr\u00e4gt auch dazu bei, sich gegen\u00fcber den Musikveranstaltungen der benachbarten gro\u00dfen St\u00e4dte zu behaupten. Dies ist deshalb m\u00f6glich, weil die Musikgemeinde aufgrund ihres finanziellen Rahmens und den r\u00e4umlichen Gegebenheiten mit ihren Konzerten quasi eine Nischenfunktion wahr nimmt, wie sie in den nah gelegenen St\u00e4dten nur selten geboten wird. Bei den von der Musikgemeinde sechs ausgerichteten Konzerten einer Saison handelt es sich um Kammermusikkonzerte bzw. Soloinstrumentalkonzerte. Dieses Genre bietet zwar nicht die Farbigkeit und Klangopulenz gro\u00dfer Orchesterkonzerte, belohnt daf\u00fcr aber mit Intimit\u00e4t, besserer Durchsichtigkeit und erzieht damit auch zum bewussteren H\u00f6ren. Gleichzeitig wird jungen Nachwuchsk\u00fcnstlern abseits des Kulturbetriebes gro\u00dfer St\u00e4dte ein interessantes Podium geboten, das ihrer Weiterentwicklung dienen kann.<br \/>\nLetzt Endes m\u00f6chte die Musikgemeinde mit ihren Konzerten das Interesse an zwei gro\u00dfen Teilbereichen abendl\u00e4ndischer Musik, der Kammermusik und der Sololiteratur, wach halten, pflegen und wecken.<br \/>\nDie Betonung liegt auf wecken, denn auf Dauer kann die Gemeinde nur durch Mitgliedernachwuchs weiter bestehen. Es ist wahr, Kammermusik erschlie\u00dft und offenbart sich dem Zuh\u00f6rer nicht beim ersten Mal.<br \/>\nAber derjenige, der die erste Hemmschwelle mit einem Konzertbesuch \u00fcberwunden hat und sich unvoreingenommen der Musik \u00f6ffnet, wird im Laufe der Zeit mit vielen Gl\u00fccksmomenten belohnt werden.<br \/>\nMusik ist ihrem Wesen nach auch durch ein starkes kommunikatives Element charakterisiert. Dieses Element kommt in idealer Weise in der Musikgemeinde zum Tragen. Es trifft sich ein nicht zu gro\u00dfer Kreis zum gemeinsamen Erlebnis Musik, der r\u00e4umliche Rahmen tr\u00e4gt zu mehr N\u00e4he und schnellerer Kommunikation bei, nach den Konzerten finden in der Regel Zusammenk\u00fcnfte statt, und es besteht auch meist die M\u00f6glichkeit, mit den ausf\u00fchrenden K\u00fcnstlern in Kontakt zu treten. In der Anonymit\u00e4t gr\u00f6\u00dferer Konzertveranstaltungen ist dies alles kaum m\u00f6glich.<br \/>\nDie Musikgemeine beschr\u00e4nkt sich aber nicht nur auf H\u00f6ren von Musik, sondern bietet auch im Hobbykreis die M\u00f6glichkeit, selbst aktiv zu musizieren. Der Hobbykreis ist seit Jahren eine feste Einrichtung und erfreut sich eines regen Interesses.<br \/>\nDer z. Zt. amtierende Vorstand besteht aus f\u00fcnf Mitgliedern, dem 1. Vorsitzenden Dr. Bernd Winkler, dem 2. Vorsitzenden Falk Bauer, der k\u00fcnstlerischen Leiterin Frau Uta Endrigkeit, dem Schatzmeister Herrn Manfred Knoch und der Schriftf\u00fchrerin Frau Petra Richter. Zus\u00e4tzlich sind Frau Ulrike Stahn und Frau Rovena Bahm\u00fcller von der Mitgliederversammlung als Beisitzer f\u00fcr interne Vereinsaufgaben gew\u00e4hlt.<\/p>\n","protected":false},"excerpt":{"rendered":"<p>Leitbild nach der Organisations\u00e4nderung im September 2009 Verfasst von Herrn Dr. med. Bernd Winkler Die Musikgemeinde R\u00f6dermark ist 1973 durch eine Initiative des Ehepaares Lippert gegr\u00fcndet worden und hat sich \u00fcber die Jahre zu einem festen Bestandteil des kulturellen Lebens in R\u00f6dermark entwickelt. Sie m\u00f6chte den an klassischer Musik interessierten B\u00fcrgern R\u00f6dermarks und Umgebung in &hellip; <\/p>\n<p><a class=\"more-link btn\" href=\"https:\/\/www.musikgemeinde-roedermark.de\/?page_id=58\">Weiterlesen<\/a><\/p>\n","protected":false},"author":1,"featured_media":0,"parent":0,"menu_order":0,"comment_status":"closed","ping_status":"closed","template":"","meta":{"footnotes":""},"class_list":["post-58","page","type-page","status-publish","hentry","nodate","item-wrap"],"_links":{"self":[{"href":"https:\/\/www.musikgemeinde-roedermark.de\/index.php?rest_route=\/wp\/v2\/pages\/58","targetHints":{"allow":["GET"]}}],"collection":[{"href":"https:\/\/www.musikgemeinde-roedermark.de\/index.php?rest_route=\/wp\/v2\/pages"}],"about":[{"href":"https:\/\/www.musikgemeinde-roedermark.de\/index.php?rest_route=\/wp\/v2\/types\/page"}],"author":[{"embeddable":true,"href":"https:\/\/www.musikgemeinde-roedermark.de\/index.php?rest_route=\/wp\/v2\/users\/1"}],"replies":[{"embeddable":true,"href":"https:\/\/www.musikgemeinde-roedermark.de\/index.php?rest_route=%2Fwp%2Fv2%2Fcomments&post=58"}],"version-history":[{"count":1,"href":"https:\/\/www.musikgemeinde-roedermark.de\/index.php?rest_route=\/wp\/v2\/pages\/58\/revisions"}],"predecessor-version":[{"id":59,"href":"https:\/\/www.musikgemeinde-roedermark.de\/index.php?rest_route=\/wp\/v2\/pages\/58\/revisions\/59"}],"wp:attachment":[{"href":"https:\/\/www.musikgemeinde-roedermark.de\/index.php?rest_route=%2Fwp%2Fv2%2Fmedia&parent=58"}],"curies":[{"name":"wp","href":"https:\/\/api.w.org\/{rel}","templated":true}]}}