{"id":54,"date":"2017-01-20T09:48:23","date_gmt":"2017-01-20T08:48:23","guid":{"rendered":"http:\/\/localhost\/MusikVerein\/wordpress\/?page_id=54"},"modified":"2017-01-20T09:48:23","modified_gmt":"2017-01-20T08:48:23","slug":"ueber-uns","status":"publish","type":"page","link":"https:\/\/www.musikgemeinde-roedermark.de\/?page_id=54","title":{"rendered":"\u00dcber uns"},"content":{"rendered":"<h2><span class=\"ensemble\">Wer sind wir?<\/span><\/h2>\n<p>Wir sind ein beachtlicher Kreis von Liebhabern klassischer Musik aus R\u00f6dermark und Umgebung, der sich daran freut, in R\u00f6dermark Konzerte mit Kammermusik live erleben zu k\u00f6nnen, in gepflegter und freundlich entspannter Atmosph\u00e4re.<\/p>\n<h2><span class=\"ensemble\">Was wollen wir?<\/span><\/h2>\n<p>Wir wollen ein aufgeschlossenes Publikum f\u00fcr die reichhaltige, verschiedenartige Kammermusikliteratur aller Jahrhunderte gewinnen. Wir wollen K\u00fcnstlern abseits des Kulturbetriebes der Gro\u00dfst\u00e4dte ein interessantes Podium bieten, heranwachsende K\u00fcnstler f\u00f6rdern und junge K\u00fcnstler unserer Region vorstellen.<\/p>\n<h2><span class=\"ensemble\">Was tun wir?<\/span><\/h2>\n<p>Wir veranstalten im Rothaha-Saal der Stadtbibliothek die Konzertreihe &#8222;Musik im B\u00fccherturm&#8220;, in der pro Jahr mindestens sechs sehr unterschiedliche Konzerte in wechselnden Instrumentalbesetzungen zu h\u00f6ren sind.<\/p>\n","protected":false},"excerpt":{"rendered":"<p>Wer sind wir? Wir sind ein beachtlicher Kreis von Liebhabern klassischer Musik aus R\u00f6dermark und Umgebung, der sich daran freut, in R\u00f6dermark Konzerte mit Kammermusik live erleben zu k\u00f6nnen, in gepflegter und freundlich entspannter Atmosph\u00e4re. Was wollen wir? Wir wollen ein aufgeschlossenes Publikum f\u00fcr die reichhaltige, verschiedenartige Kammermusikliteratur aller Jahrhunderte gewinnen. Wir wollen K\u00fcnstlern abseits &hellip; <\/p>\n<p><a class=\"more-link btn\" href=\"https:\/\/www.musikgemeinde-roedermark.de\/?page_id=54\">Weiterlesen<\/a><\/p>\n","protected":false},"author":1,"featured_media":0,"parent":0,"menu_order":0,"comment_status":"closed","ping_status":"closed","template":"","meta":{"footnotes":""},"class_list":["post-54","page","type-page","status-publish","hentry","nodate","item-wrap"],"_links":{"self":[{"href":"https:\/\/www.musikgemeinde-roedermark.de\/index.php?rest_route=\/wp\/v2\/pages\/54","targetHints":{"allow":["GET"]}}],"collection":[{"href":"https:\/\/www.musikgemeinde-roedermark.de\/index.php?rest_route=\/wp\/v2\/pages"}],"about":[{"href":"https:\/\/www.musikgemeinde-roedermark.de\/index.php?rest_route=\/wp\/v2\/types\/page"}],"author":[{"embeddable":true,"href":"https:\/\/www.musikgemeinde-roedermark.de\/index.php?rest_route=\/wp\/v2\/users\/1"}],"replies":[{"embeddable":true,"href":"https:\/\/www.musikgemeinde-roedermark.de\/index.php?rest_route=%2Fwp%2Fv2%2Fcomments&post=54"}],"version-history":[{"count":1,"href":"https:\/\/www.musikgemeinde-roedermark.de\/index.php?rest_route=\/wp\/v2\/pages\/54\/revisions"}],"predecessor-version":[{"id":55,"href":"https:\/\/www.musikgemeinde-roedermark.de\/index.php?rest_route=\/wp\/v2\/pages\/54\/revisions\/55"}],"wp:attachment":[{"href":"https:\/\/www.musikgemeinde-roedermark.de\/index.php?rest_route=%2Fwp%2Fv2%2Fmedia&parent=54"}],"curies":[{"name":"wp","href":"https:\/\/api.w.org\/{rel}","templated":true}]}}